{"id":4122,"date":"2021-11-03T18:08:09","date_gmt":"2021-11-03T18:08:09","guid":{"rendered":"https:\/\/thermopak.com\/nous-embauchons\/"},"modified":"2021-11-05T15:35:20","modified_gmt":"2021-11-05T15:35:20","slug":"nous-embauchons","status":"publish","type":"page","link":"https:\/\/thermopak.com\/fr\/nous-embauchons\/","title":{"rendered":"NOUS EMBAUCHONS"},"content":{"rendered":"\n<div class=\"sjb-page\">\r\n<!-- Start: Jobs Listing Wrapper -->\r\n\r\n\r\n<!-- Start Job Filters\r\n================================================== -->\r\n<div class=\"sjb-filters sjb-filters-v1\">\r\n        <form class=\"filters-form\" action=\"https:\/\/thermopak.com\/fr\/nous-embauchons\/\" method=\"get\">\r\n        <div class=\"row\">\r\n            \r\n    <!-- Keywords Search-->    \r\n    <div class=\"sjb-search-keywords col-md-10 col-xs-12\">\r\n        <div class=\"form-group\">\r\n                        <label class=\"sr-only\" for=\"keywords\">Mots-cl\u00e9s<\/label>\r\n            <input type=\"text\" class=\"form-control\" value=\"\" placeholder=\"Mots-cl\u00e9s\" id=\"keywords\" name=\"search_keywords\">\r\n        <\/div>\r\n    <\/div>\r\n    <div class=\"sjb-search-button col-md-3 col-xs-12\"><input class=\"btn-search btn btn-primary\" value=\"&#xf002;\" type=\"submit\"><\/div>        <\/div>\r\n    <\/form>\r\n<\/div>\r\n<!-- ==================================================\r\nEnd Job Filters -->\r\n\r\n\r\n<div class=\"sjb-listing\">\r\n        <!-- start Jobs Listing: List View -->\r\n    <div class=\"list-view\">\r\n        \r\n    \n<!-- Start Jobs List View \n================================================== -->\n<div class=\"list-data\">\n    <div class=\"v1 sjb-job-4132\">   \n        \n        <!-- Jobs List view header -->\n        <header>\n            <div class=\"row\">\n                \r\n<!-- Start Company Logo\r\n================================================== -->\r\n<div class=\"col-md-1 col-sm-2 hidden-xs\">\r\n    <div class=\"company-logo\">\r\n        <a href=\"https:\/\/thermopak.com\/fr\/jobs\/chaine-de-production\/\"><img decoding=\"async\" src=\"https:\/\/thermopak.com\/wp-content\/uploads\/2021\/09\/Logo_ThermoPak_Bleu-Mobile-2.png\" alt=\"Thermopak Ltd.\" class=\"sjb-img-responsive \" id=\"\"\/><\/a>\r\n    <\/div>\r\n<\/div>\r\n\r\n<!-- ==================================================\r\nEnd Company Logo -->\r\n\r\n    \n                <div class=\"col-md-11 col-sm-12\">\n                    <div class=\"row sjb-list-row\">\n\n                    <div class=\"col-md-5 col-sm-12\">\r\n    <div class=\"job-info\">\r\n        <h4>\r\n            <a href=\"https:\/\/thermopak.com\/fr\/jobs\/chaine-de-production\/\">\r\n                <span class=\"job-title\">Cha\u00eene de production<\/span> | <span class=\"company-name\">Thermopak Ltd.<\/span>            <\/a>\r\n\r\n        <\/h4>\r\n            <\/div>\r\n<\/div>\r\n\r\n<!-- Start Job Type\r\n================================================== -->\r\n<div class=\"col-md-2 col-sm-4 col-xs-12\">    \r\n     \r\n<\/div>\r\n<!-- ==================================================\r\nEnd Job Type -->\r\n\r\n\r\n<!-- Start Job's Location\r\n================================================== -->\r\n<div class=\"col-md-2 col-sm-4 col-xs-12\">\r\n    <\/div>\r\n<!-- ==================================================\r\nEnd Job's Location -->\r\n\r\n\r\n<!-- Start Job Posted Date\r\n================================================== -->\r\n<div class=\"col-md-3 col-sm-4 col-xs-12\">\r\n            <div class=\"job-date\"><i class=\"fa  fa-calendar-check\"><\/i>Publi\u00e9 il y a 4 ans<\/div>\r\n    <\/div>\r\n<!-- ==================================================\r\nEnd Job Posted Date -->\r\n\r\n                        \n                    <\/div> \n                <\/div>\n            <\/div>\n        <\/header>\n\n        \r\n    <!-- View more content start\r\n    ================================= -->\r\n    \r\n<!-- View long content start \r\n================================================== -->\r\n<div class=\"sjb_more_content\" id=\"sjb_more_content_4132\">\r\n    <!-- wp:paragraph -->\n<p>Chez Thermopak, nous avons pr\u00e9sentement plusieurs postes \u00e0 combler sur la cha\u00eene de production. Cependant cela consiste \u00e0 travailler sur des quarts de travail. 8-4, 4-12 et 12-8. Nos salaires d\u00e9butent \u00e0 16$ l'heure et la formation est offerte sur place. Par apr\u00e8s des b\u00e9n\u00e9fices tels que les assurances, les vacances etc. seront ajout\u00e9s. Veuillez vous pr\u00e9senter au 101 rue de l'\u00e9cole, \u00e0 Shippagan, avec un cv ou r\u00e9sum\u00e9 de vos exp\u00e9riences de travail. Vous pouvez \u00e9galement envoyer votre r\u00e9sum\u00e9 avec le bouton ci-dessous. Une personne vous contactera pour planifier un rendez-vous. Merci de votre int\u00e9r\u00eat.&nbsp;&nbsp; <\/p>\n<!-- \/wp:paragraph -->    \r\n<!-- Start Job Features\r\n================================================== -->\r\n<div class=\"job-features\">\r\n            <h3>Caract\u00e9ristiques de l&#039;emploi<\/h3>\r\n        \r\n    <table class=\"table\">\r\n        <tbody>\r\n            \r\n                <tr><td style=\"padding: 8px;\">Quarts de travail<\/td><td style=\"padding: 8px;\">8-4, 4-12 et 12-8 <\/td><\/tr><tr><td style=\"padding: 8px;\">Salaires d\u00e9butant \u00e0:<\/td><td style=\"padding: 8px;\">16$\/heure <\/td><\/tr>        <\/tbody>\r\n    <\/table>\r\n<\/div>\r\n<!-- ==================================================\r\nEnd Job Features -->\r\n\r\n<div class=\"clearfix\"><\/div>\r\n<\/div>\r\n<!-- ==================================================\r\nView long content end  -->\r\n\r\n    <!-- View more content end\r\n    ================================= -->\r\n\r\n    <!-- Start Job Short Description \r\n    ================================================== -->\r\n    <div class=\"job-description\">\r\n        <div id=\"sjb_less_content_4132\"><p>Chez Thermopak, nous avons pr\u00e9sentement plusieurs postes \u00e0 combler sur la cha\u00eene de production. Cependant cela consiste \u00e0 travailler sur des quarts de travail. 8-4, 4-12 et 12-8. Nos salaires d\u00e9b...<\/p><\/div><div class=\"sjb-apply-now-btn\"><p><p><a href=\"https:\/\/thermopak.com\/fr\/jobs\/chaine-de-production\/\" class=\"btn btn-primary \">En savoir plus<\/a><\/p><div class=\"sjb-view-less-btn\" id=\"sjb_view_less_btn_4132\"><a data-id=\"4132\" class=\"sjb_view_less_btn sjb_view_more_btn\">View less<\/a><\/div><\/div>    <\/div>\r\n    <!-- ==================================================\r\n    End Job Short Description  -->\r\n\r\n        <\/div>\n<\/div>\n<!-- ==================================================\nEnd Jobs List View -->\n\n<div class=\"clearfix\"><\/div>\n\n\n<!-- Start Jobs List View \n================================================== -->\n<div class=\"list-data\">\n    <div class=\"v1 sjb-job-4129\">   \n        \n        <!-- Jobs List view header -->\n        <header>\n            <div class=\"row\">\n                \r\n<!-- Start Company Logo\r\n================================================== -->\r\n<div class=\"col-md-1 col-sm-2 hidden-xs\">\r\n    <div class=\"company-logo\">\r\n        <a href=\"https:\/\/thermopak.com\/fr\/jobs\/travaillant-generale\/\"><img decoding=\"async\" src=\"https:\/\/thermopak.com\/wp-content\/uploads\/2021\/09\/Logo_ThermoPak_Bleu-Mobile-2.png\" alt=\"Thermopak Ltd.\" class=\"sjb-img-responsive \" id=\"\"\/><\/a>\r\n    <\/div>\r\n<\/div>\r\n\r\n<!-- ==================================================\r\nEnd Company Logo -->\r\n\r\n    \n                <div class=\"col-md-11 col-sm-12\">\n                    <div class=\"row sjb-list-row\">\n\n                    <div class=\"col-md-5 col-sm-12\">\r\n    <div class=\"job-info\">\r\n        <h4>\r\n            <a href=\"https:\/\/thermopak.com\/fr\/jobs\/travaillant-generale\/\">\r\n                <span class=\"job-title\">Membre de l&rsquo;\u00e9quipe administrative<\/span> | <span class=\"company-name\">Thermopak Ltd.<\/span>            <\/a>\r\n\r\n        <\/h4>\r\n            <\/div>\r\n<\/div>\r\n\r\n<!-- Start Job Type\r\n================================================== -->\r\n<div class=\"col-md-2 col-sm-4 col-xs-12\">    \r\n     \r\n<\/div>\r\n<!-- ==================================================\r\nEnd Job Type -->\r\n\r\n\r\n<!-- Start Job's Location\r\n================================================== -->\r\n<div class=\"col-md-2 col-sm-4 col-xs-12\">\r\n    <\/div>\r\n<!-- ==================================================\r\nEnd Job's Location -->\r\n\r\n\r\n<!-- Start Job Posted Date\r\n================================================== -->\r\n<div class=\"col-md-3 col-sm-4 col-xs-12\">\r\n            <div class=\"job-date\"><i class=\"fa  fa-calendar-check\"><\/i>Publi\u00e9 il y a 4 ans<\/div>\r\n    <\/div>\r\n<!-- ==================================================\r\nEnd Job Posted Date -->\r\n\r\n                        \n                    <\/div> \n                <\/div>\n            <\/div>\n        <\/header>\n\n        \r\n    <!-- View more content start\r\n    ================================= -->\r\n    \r\n<!-- View long content start \r\n================================================== -->\r\n<div class=\"sjb_more_content\" id=\"sjb_more_content_4129\">\r\n    <!-- wp:paragraph -->\n<p>Nous recherchons une personne pour compl\u00e9ter notre \u00e9quipe administrative de bureau. Possibilit\u00e9 de travail \u00e0 temps plein ou \u00e0 temps partiel. Belle opportunit\u00e9 de carri\u00e8re avec possibilit\u00e9 d'avancement. La formation de base en technique de bureau est essentielle. Capacit\u00e9 de travailler en fran\u00e7ais et en anglais exig\u00e9. Si le poste vous int\u00e9resse, veuillez envoyer un r\u00e9sum\u00e9 de votre exp\u00e9rience ou de vos qualifications en utilisant le bouton ci-dessous ou pr\u00e9sentez-vous au 101 rue de l'\u00e9cole \u00e0 Shippagan. On vous coordonnera une rencontre par la suite.<\/p>\n<!-- \/wp:paragraph -->    \r\n<!-- Start Job Features\r\n================================================== -->\r\n<div class=\"job-features\">\r\n    \r\n    <table class=\"table\">\r\n        <tbody>\r\n            \r\n                        <\/tbody>\r\n    <\/table>\r\n<\/div>\r\n<!-- ==================================================\r\nEnd Job Features -->\r\n\r\n<div class=\"clearfix\"><\/div>\r\n<\/div>\r\n<!-- ==================================================\r\nView long content end  -->\r\n\r\n    <!-- View more content end\r\n    ================================= -->\r\n\r\n    <!-- Start Job Short Description \r\n    ================================================== -->\r\n    <div class=\"job-description\">\r\n        <div id=\"sjb_less_content_4129\"><p>Nous recherchons une personne pour compl\u00e9ter notre \u00e9quipe administrative de bureau. Possibilit\u00e9 de travail \u00e0 temps plein ou \u00e0 temps partiel. Belle opportunit\u00e9 de carri\u00e8re avec possibilit\u00e9 d&rs...<\/p><\/div><div class=\"sjb-apply-now-btn\"><p><p><a href=\"https:\/\/thermopak.com\/fr\/jobs\/travaillant-generale\/\" class=\"btn btn-primary \">En savoir plus<\/a><\/p><div class=\"sjb-view-less-btn\" id=\"sjb_view_less_btn_4129\"><a data-id=\"4129\" class=\"sjb_view_less_btn sjb_view_more_btn\">View less<\/a><\/div><\/div>    <\/div>\r\n    <!-- ==================================================\r\n    End Job Short Description  -->\r\n\r\n        <\/div>\n<\/div>\n<!-- ==================================================\nEnd Jobs List View -->\n\n<div class=\"clearfix\"><\/div>\n\n\r\n    <\/div> <!-- end Jobs Listing: List View -->\r\n<\/div>\r\n<!-- End: Jobs Listing -->\r\n\r\n<div class=\"clearfix\"><\/div>\r\n<\/div>\r\n<!-- End: Jobs Listing Wrapper -->\r\n\r\n\n","protected":false},"excerpt":{"rendered":"Nous recherchons une personne pour compl\u00e9ter notre \u00e9quipe administrative de bureau. Possibilit\u00e9 de travail \u00e0 temps plein ou \u00e0 temps partiel. Belle opportunit\u00e9 de carri\u00e8re avec possibilit\u00e9 d'avancement. La formation de base en technique de bureau est essentielle. Capacit\u00e9 de &hellip;","protected":false},"author":2,"featured_media":0,"parent":0,"menu_order":0,"comment_status":"closed","ping_status":"closed","template":"","meta":{"footnotes":""},"class_list":["post-4122","page","type-page","status-publish","hentry"],"_links":{"self":[{"href":"https:\/\/thermopak.com\/fr\/wp-json\/wp\/v2\/pages\/4122","targetHints":{"allow":["GET"]}}],"collection":[{"href":"https:\/\/thermopak.com\/fr\/wp-json\/wp\/v2\/pages"}],"about":[{"href":"https:\/\/thermopak.com\/fr\/wp-json\/wp\/v2\/types\/page"}],"author":[{"embeddable":true,"href":"https:\/\/thermopak.com\/fr\/wp-json\/wp\/v2\/users\/2"}],"replies":[{"embeddable":true,"href":"https:\/\/thermopak.com\/fr\/wp-json\/wp\/v2\/comments?post=4122"}],"version-history":[{"count":2,"href":"https:\/\/thermopak.com\/fr\/wp-json\/wp\/v2\/pages\/4122\/revisions"}],"predecessor-version":[{"id":4127,"href":"https:\/\/thermopak.com\/fr\/wp-json\/wp\/v2\/pages\/4122\/revisions\/4127"}],"wp:attachment":[{"href":"https:\/\/thermopak.com\/fr\/wp-json\/wp\/v2\/media?parent=4122"}],"curies":[{"name":"wp","href":"https:\/\/api.w.org\/{rel}","templated":true}]}}