{"id":2340,"date":"2016-01-20T08:20:38","date_gmt":"2016-01-20T08:20:38","guid":{"rendered":"http:\/\/www.thermopak.mrgraphic.ca\/?page_id=2340\/"},"modified":"2020-04-22T13:00:47","modified_gmt":"2020-04-22T13:00:47","slug":"patisserie","status":"publish","type":"page","link":"https:\/\/thermopak.com\/fr\/patisserie\/","title":{"rendered":"P\u00e2tisserie"},"content":{"rendered":"<p>[vc_row css=\u00a0\u00bb.vc_custom_1453450201221{margin-bottom: 15px !important;}\u00a0\u00bb][vc_column]<div class=\"gallery-fs\"><figure><img decoding=\"async\" src=\"https:\/\/thermopak.com\/wp-content\/uploads\/2017\/03\/Pastries_Clamshell.jpg\" alt=\"\"><figcaption>Contenant \u00e0 p\u00e2tisseries<\/figcaption><\/figure><div class=\"gallery-fs-nav\"><button class=\"gallery-fs-fullscreen\"><i class=\"fa fa-arrows-alt\"><\/i><\/button><\/div><div class=\"gallery-fs-thumbnails gallery-fs-thumbnails-col-5 owl-carousel\"><a href='https:\/\/thermopak.com\/wp-content\/uploads\/2017\/03\/Pastries_Clamshell.jpg' data-caption='Contenant \u00e0 p\u00e2tisseries' title='Contenant \u00e0 p\u00e2tisseries' class=\"selected\"><img fetchpriority=\"high\" decoding=\"async\" width=\"280\" height=\"210\" src=\"https:\/\/thermopak.com\/wp-content\/uploads\/2017\/03\/Pastries_Clamshell-280x210.jpg\" class=\"attachment-anps-gallery-thumb size-anps-gallery-thumb\" alt=\"\" srcset=\"https:\/\/thermopak.com\/wp-content\/uploads\/2017\/03\/Pastries_Clamshell-280x210.jpg 280w, https:\/\/thermopak.com\/wp-content\/uploads\/2017\/03\/Pastries_Clamshell-350x263.jpg 350w\" sizes=\"(max-width: 280px) 100vw, 280px\" \/><\/a><a href='https:\/\/thermopak.com\/wp-content\/uploads\/2017\/03\/Rectangle_Clamshell_Container.jpg' data-caption='Contenant refermable rectangulaire' title='Contenant refermable rectangulaire'><img decoding=\"async\" width=\"280\" height=\"210\" src=\"https:\/\/thermopak.com\/wp-content\/uploads\/2017\/03\/Rectangle_Clamshell_Container-280x210.jpg\" class=\"attachment-anps-gallery-thumb size-anps-gallery-thumb\" alt=\"\" srcset=\"https:\/\/thermopak.com\/wp-content\/uploads\/2017\/03\/Rectangle_Clamshell_Container-280x210.jpg 280w, https:\/\/thermopak.com\/wp-content\/uploads\/2017\/03\/Rectangle_Clamshell_Container-350x263.jpg 350w\" sizes=\"(max-width: 280px) 100vw, 280px\" \/><\/a><a href='https:\/\/thermopak.com\/wp-content\/uploads\/2017\/03\/Clamshell_Container.jpg' data-caption='Contenant refermable' title='Contenant refermable'><img decoding=\"async\" width=\"280\" height=\"210\" src=\"https:\/\/thermopak.com\/wp-content\/uploads\/2017\/03\/Clamshell_Container-280x210.jpg\" class=\"attachment-anps-gallery-thumb size-anps-gallery-thumb\" alt=\"\" srcset=\"https:\/\/thermopak.com\/wp-content\/uploads\/2017\/03\/Clamshell_Container-280x210.jpg 280w, https:\/\/thermopak.com\/wp-content\/uploads\/2017\/03\/Clamshell_Container-350x263.jpg 350w\" sizes=\"(max-width: 280px) 100vw, 280px\" \/><\/a><\/div><\/div>[\/vc_column][\/vc_row][vc_row][vc_column width=\u00a0\u00bb7\/12&Prime;][vc_custom_heading text=\u00a0\u00bbCONTENANTS \u00c0 P\u00c2TISSERIE\u00a0\u00bb use_theme_fonts=\u00a0\u00bbyes\u00a0\u00bb el_class=\u00a0\u00bbtitle\u00a0\u00bb][vc_column_text]Nos contenants \u00e0 p\u00e2tisserie sont con\u00e7us afin de conserver la fra\u00eecheur. Simples et rapides \u00e0 utiliser, nos contenants TAR sont id\u00e9als pour les p\u00e2tisseries de tous les jours. Vos g\u00e2teaux et biscuits seront prot\u00e9g\u00e9s de fa\u00e7on efficace dans des contenants l\u00e9gers et solides. Vous trouverez un mod\u00e8le adapt\u00e9 \u00e0 chacun de vos besoins.[\/vc_column_text][vc_btn title=\u00a0\u00bbD\u00e9couvrez nos produits\u00a0\u00bb style=\u00a0\u00bbclassic\u00a0\u00bb color=\u00a0\u00bbprimary\u00a0\u00bb link=\u00a0\u00bburl:http%3A%2F%2Fwww.thermopak.com%2Ffr%2Fcategorie-produit%2Fpatisserie%2F|||\u00a0\u00bb][\/vc_column][vc_column width=\u00a0\u00bb5\/12&Prime;][vc_custom_heading text=\u00a0\u00bbUTILISATIONS\u00a0\u00bb use_theme_fonts=\u00a0\u00bbyes\u00a0\u00bb el_class=\u00a0\u00bbtitle\u00a0\u00bb][vc_column_text css=\u00a0\u00bb.vc_custom_1488881655703{margin-bottom: 0px !important;}\u00a0\u00bb]<\/p>\n<ul>\n<li>\n<h5>G\u00e2teaux<\/h5>\n<\/li>\n<li>\n<h5>Beignes<\/h5>\n<\/li>\n<li>\n<h5>Biscuits<\/h5>\n<\/li>\n<li>\n<h5>Pains de sp\u00e9cialit\u00e9<\/h5>\n<\/li>\n<\/ul>\n<p>[\/vc_column_text][\/vc_column][\/vc_row]<\/p>\n","protected":false},"excerpt":{"rendered":"<p>[vc_row css=\u00a0\u00bb.vc_custom_1453450201221{margin-bottom: 15px !important;}\u00a0\u00bb][vc_column][\/vc_column][\/vc_row][vc_row][vc_column width=\u00a0\u00bb7\/12&Prime;][vc_custom_heading text=\u00a0\u00bbCONTENANTS \u00c0 P\u00c2TISSERIE\u00a0\u00bb use_theme_fonts=\u00a0\u00bbyes\u00a0\u00bb el_class=\u00a0\u00bbtitle\u00a0\u00bb][vc_column_text]Nos contenants \u00e0 p\u00e2tisserie sont con\u00e7us afin de conserver la fra\u00eecheur. Simples et rapides \u00e0 utiliser, nos contenants TAR sont id\u00e9als pour les p\u00e2tisseries de tous les jours. Vos g\u00e2teaux et &hellip;<\/p>\n","protected":false},"author":2,"featured_media":2762,"parent":0,"menu_order":0,"comment_status":"closed","ping_status":"closed","template":"","meta":{"footnotes":""},"class_list":["post-2340","page","type-page","status-publish","has-post-thumbnail","hentry"],"_links":{"self":[{"href":"https:\/\/thermopak.com\/fr\/wp-json\/wp\/v2\/pages\/2340","targetHints":{"allow":["GET"]}}],"collection":[{"href":"https:\/\/thermopak.com\/fr\/wp-json\/wp\/v2\/pages"}],"about":[{"href":"https:\/\/thermopak.com\/fr\/wp-json\/wp\/v2\/types\/page"}],"author":[{"embeddable":true,"href":"https:\/\/thermopak.com\/fr\/wp-json\/wp\/v2\/users\/2"}],"replies":[{"embeddable":true,"href":"https:\/\/thermopak.com\/fr\/wp-json\/wp\/v2\/comments?post=2340"}],"version-history":[{"count":33,"href":"https:\/\/thermopak.com\/fr\/wp-json\/wp\/v2\/pages\/2340\/revisions"}],"predecessor-version":[{"id":3634,"href":"https:\/\/thermopak.com\/fr\/wp-json\/wp\/v2\/pages\/2340\/revisions\/3634"}],"wp:featuredmedia":[{"embeddable":true,"href":"https:\/\/thermopak.com\/fr\/wp-json\/wp\/v2\/media\/2762"}],"wp:attachment":[{"href":"https:\/\/thermopak.com\/fr\/wp-json\/wp\/v2\/media?parent=2340"}],"curies":[{"name":"wp","href":"https:\/\/api.w.org\/{rel}","templated":true}]}}