{"id":2331,"date":"2017-02-22T17:17:48","date_gmt":"2017-02-22T17:17:48","guid":{"rendered":"http:\/\/www.thermopak.mrgraphic.ca\/?page_id=2331\/"},"modified":"2017-10-01T23:19:12","modified_gmt":"2017-10-01T23:19:12","slug":"viande","status":"publish","type":"page","link":"https:\/\/thermopak.com\/fr\/viande\/","title":{"rendered":"Viande"},"content":{"rendered":"<p>[vc_row css=\u00a0\u00bb.vc_custom_1453476409084{margin-bottom: 15px !important;}\u00a0\u00bb][vc_column]<div class=\"gallery-fs\"><figure><img decoding=\"async\" src=\"https:\/\/thermopak.com\/wp-content\/uploads\/2017\/03\/Rectangle_Vacuum_Tray.jpg\" alt=\"\"><figcaption>Barquette sous vide rectangulaire<\/figcaption><\/figure><div class=\"gallery-fs-nav\"><button class=\"gallery-fs-fullscreen\"><i class=\"fa fa-arrows-alt\"><\/i><\/button><\/div><div class=\"gallery-fs-thumbnails gallery-fs-thumbnails-col-5 owl-carousel\"><a href='https:\/\/thermopak.com\/wp-content\/uploads\/2017\/03\/Rectangle_Vacuum_Tray.jpg' data-caption='Barquette sous vide rectangulaire' title='Barquette sous vide rectangulaire' class=\"selected\"><img fetchpriority=\"high\" decoding=\"async\" width=\"280\" height=\"210\" src=\"https:\/\/thermopak.com\/wp-content\/uploads\/2017\/03\/Rectangle_Vacuum_Tray-280x210.jpg\" class=\"attachment-anps-gallery-thumb size-anps-gallery-thumb\" alt=\"\" srcset=\"https:\/\/thermopak.com\/wp-content\/uploads\/2017\/03\/Rectangle_Vacuum_Tray-280x210.jpg 280w, https:\/\/thermopak.com\/wp-content\/uploads\/2017\/03\/Rectangle_Vacuum_Tray-350x263.jpg 350w\" sizes=\"(max-width: 280px) 100vw, 280px\" \/><\/a><a href='https:\/\/thermopak.com\/wp-content\/uploads\/2017\/03\/Vacuum_Meat_Trays.jpg' data-caption='Plateaux \u00e0 viande scell\u00e9 sous vide' title='Plateaux \u00e0 viande scell\u00e9 sous vide'><img decoding=\"async\" width=\"280\" height=\"210\" src=\"https:\/\/thermopak.com\/wp-content\/uploads\/2017\/03\/Vacuum_Meat_Trays-280x210.jpg\" class=\"attachment-anps-gallery-thumb size-anps-gallery-thumb\" alt=\"\" srcset=\"https:\/\/thermopak.com\/wp-content\/uploads\/2017\/03\/Vacuum_Meat_Trays-280x210.jpg 280w, https:\/\/thermopak.com\/wp-content\/uploads\/2017\/03\/Vacuum_Meat_Trays-350x263.jpg 350w\" sizes=\"(max-width: 280px) 100vw, 280px\" \/><\/a><a href='https:\/\/thermopak.com\/wp-content\/uploads\/2017\/03\/Sushi_Tray.jpg' data-caption='Barquette \u00e0 sushi' title='Barquette \u00e0 sushi'><img decoding=\"async\" width=\"280\" height=\"210\" src=\"https:\/\/thermopak.com\/wp-content\/uploads\/2017\/03\/Sushi_Tray-280x210.jpg\" class=\"attachment-anps-gallery-thumb size-anps-gallery-thumb\" alt=\"\" srcset=\"https:\/\/thermopak.com\/wp-content\/uploads\/2017\/03\/Sushi_Tray-280x210.jpg 280w, https:\/\/thermopak.com\/wp-content\/uploads\/2017\/03\/Sushi_Tray-350x263.jpg 350w\" sizes=\"(max-width: 280px) 100vw, 280px\" \/><\/a><a href='https:\/\/thermopak.com\/wp-content\/uploads\/2017\/03\/Hamburger_Molded_Tray.jpg' data-caption='Barquette en forme hamburger' title='Barquette en forme hamburger'><img loading=\"lazy\" decoding=\"async\" width=\"280\" height=\"210\" src=\"https:\/\/thermopak.com\/wp-content\/uploads\/2017\/03\/Hamburger_Molded_Tray-280x210.jpg\" class=\"attachment-anps-gallery-thumb size-anps-gallery-thumb\" alt=\"\" srcset=\"https:\/\/thermopak.com\/wp-content\/uploads\/2017\/03\/Hamburger_Molded_Tray-280x210.jpg 280w, https:\/\/thermopak.com\/wp-content\/uploads\/2017\/03\/Hamburger_Molded_Tray-350x263.jpg 350w\" sizes=\"(max-width: 280px) 100vw, 280px\" \/><\/a><a href='https:\/\/thermopak.com\/wp-content\/uploads\/2017\/03\/Ham_Tray.jpg' data-caption='Barquette \u00e0 jambon' title='Barquette \u00e0 jambon'><img loading=\"lazy\" decoding=\"async\" width=\"280\" height=\"210\" src=\"https:\/\/thermopak.com\/wp-content\/uploads\/2017\/03\/Ham_Tray-280x210.jpg\" class=\"attachment-anps-gallery-thumb size-anps-gallery-thumb\" alt=\"\" srcset=\"https:\/\/thermopak.com\/wp-content\/uploads\/2017\/03\/Ham_Tray-280x210.jpg 280w, https:\/\/thermopak.com\/wp-content\/uploads\/2017\/03\/Ham_Tray-350x263.jpg 350w\" sizes=\"(max-width: 280px) 100vw, 280px\" \/><\/a><a href='https:\/\/thermopak.com\/wp-content\/uploads\/2017\/03\/Salami_Tray.jpg' data-caption='Barquette \u00e0 salami' title='Barquette \u00e0 salami'><img loading=\"lazy\" decoding=\"async\" width=\"280\" height=\"210\" src=\"https:\/\/thermopak.com\/wp-content\/uploads\/2017\/03\/Salami_Tray-280x210.jpg\" class=\"attachment-anps-gallery-thumb size-anps-gallery-thumb\" alt=\"\" srcset=\"https:\/\/thermopak.com\/wp-content\/uploads\/2017\/03\/Salami_Tray-280x210.jpg 280w, https:\/\/thermopak.com\/wp-content\/uploads\/2017\/03\/Salami_Tray-350x263.jpg 350w\" sizes=\"(max-width: 280px) 100vw, 280px\" \/><\/a><\/div><\/div>[\/vc_column][\/vc_row][vc_row][vc_column][\/vc_column][\/vc_row][vc_row][vc_column width=\u00a0\u00bb7\/12&Prime;][vc_custom_heading text=\u00a0\u00bbCONTENANT \u00c0 VIANDE \u00a0\u00bb use_theme_fonts=\u00a0\u00bbyes\u00a0\u00bb el_class=\u00a0\u00bbtitle\u00a0\u00bb][vc_column_text]Nos contenants \u00e0 viandes et \u00e0 poissons sont con\u00e7us afin de conserver une fra\u00eecheur optimale. Faciles \u00e0 remplir, \u00e0 sceller et \u00e0 entreposer, nos contenants TAV se d\u00e9clinent sous de nombreuses variantes, selon la quantit\u00e9 et le type de produit. Vous trouverez un mod\u00e8le adapt\u00e9, que ce soit pour stocker de la viande hach\u00e9e, du fromage ou des fruits de mer.[\/vc_column_text][vc_btn title=\u00a0\u00bbD\u00e9couvrez nos produits\u00a0\u00bb style=\u00a0\u00bbclassic\u00a0\u00bb color=\u00a0\u00bbprimary\u00a0\u00bb link=\u00a0\u00bburl:http%3A%2F%2Fwww.thermopak.com%2Ffr%2Fcategorie-produit%2Fviande%2F|||\u00a0\u00bb][\/vc_column][vc_column width=\u00a0\u00bb5\/12&Prime;][vc_custom_heading text=\u00a0\u00bbUTILISATIONS\u00a0\u00bb use_theme_fonts=\u00a0\u00bbyes\u00a0\u00bb el_class=\u00a0\u00bbtitle\u00a0\u00bb][vc_column_text]<\/p>\n<ul>\n<li>\n<h5>Viande<\/h5>\n<\/li>\n<li>\n<h5>Volaille<\/h5>\n<\/li>\n<li>\n<h5>Poisson<\/h5>\n<\/li>\n<li>\n<h5>Fruits de mer<\/h5>\n<\/li>\n<li>\n<h5>Fromage<\/h5>\n<\/li>\n<\/ul>\n<p>[\/vc_column_text][\/vc_column][\/vc_row]<\/p>\n","protected":false},"excerpt":{"rendered":"<p>[vc_row css=\u00a0\u00bb.vc_custom_1453476409084{margin-bottom: 15px !important;}\u00a0\u00bb][vc_column][\/vc_column][\/vc_row][vc_row][vc_column][\/vc_column][\/vc_row][vc_row][vc_column width=\u00a0\u00bb7\/12&Prime;][vc_custom_heading text=\u00a0\u00bbCONTENANT \u00c0 VIANDE \u00a0\u00bb use_theme_fonts=\u00a0\u00bbyes\u00a0\u00bb el_class=\u00a0\u00bbtitle\u00a0\u00bb][vc_column_text]Nos contenants \u00e0 viandes et \u00e0 poissons sont con\u00e7us afin de conserver une fra\u00eecheur optimale. Faciles \u00e0 remplir, \u00e0 sceller et \u00e0 entreposer, nos contenants TAV se d\u00e9clinent sous de &hellip;<\/p>\n","protected":false},"author":2,"featured_media":2766,"parent":0,"menu_order":0,"comment_status":"closed","ping_status":"closed","template":"","meta":{"footnotes":""},"class_list":["post-2331","page","type-page","status-publish","has-post-thumbnail","hentry"],"_links":{"self":[{"href":"https:\/\/thermopak.com\/fr\/wp-json\/wp\/v2\/pages\/2331","targetHints":{"allow":["GET"]}}],"collection":[{"href":"https:\/\/thermopak.com\/fr\/wp-json\/wp\/v2\/pages"}],"about":[{"href":"https:\/\/thermopak.com\/fr\/wp-json\/wp\/v2\/types\/page"}],"author":[{"embeddable":true,"href":"https:\/\/thermopak.com\/fr\/wp-json\/wp\/v2\/users\/2"}],"replies":[{"embeddable":true,"href":"https:\/\/thermopak.com\/fr\/wp-json\/wp\/v2\/comments?post=2331"}],"version-history":[{"count":23,"href":"https:\/\/thermopak.com\/fr\/wp-json\/wp\/v2\/pages\/2331\/revisions"}],"predecessor-version":[{"id":3636,"href":"https:\/\/thermopak.com\/fr\/wp-json\/wp\/v2\/pages\/2331\/revisions\/3636"}],"wp:featuredmedia":[{"embeddable":true,"href":"https:\/\/thermopak.com\/fr\/wp-json\/wp\/v2\/media\/2766"}],"wp:attachment":[{"href":"https:\/\/thermopak.com\/fr\/wp-json\/wp\/v2\/media?parent=2331"}],"curies":[{"name":"wp","href":"https:\/\/api.w.org\/{rel}","templated":true}]}}