{"id":2329,"date":"2017-02-22T17:16:38","date_gmt":"2017-02-22T17:16:38","guid":{"rendered":"http:\/\/www.thermopak.mrgraphic.ca\/?page_id=2329\/"},"modified":"2017-10-01T23:23:27","modified_gmt":"2017-10-01T23:23:27","slug":"horticulture","status":"publish","type":"page","link":"https:\/\/thermopak.com\/fr\/horticulture\/","title":{"rendered":"Horticulture"},"content":{"rendered":"<p>[vc_row css=\u00a0\u00bb.vc_custom_1453476669810{margin-bottom: 15px !important;}\u00a0\u00bb][vc_column]<div class=\"gallery-fs\"><figure><img decoding=\"async\" src=\"https:\/\/thermopak.com\/wp-content\/uploads\/2017\/03\/Greenhouse_Seedling_Tray.jpg\" alt=\"\"><figcaption>Cellules pour semis<\/figcaption><\/figure><div class=\"gallery-fs-nav\"><button class=\"gallery-fs-fullscreen\"><i class=\"fa fa-arrows-alt\"><\/i><\/button><\/div><div class=\"gallery-fs-thumbnails gallery-fs-thumbnails-col-5 owl-carousel\"><a href='https:\/\/thermopak.com\/wp-content\/uploads\/2017\/03\/Greenhouse_Seedling_Tray.jpg' data-caption='Cellules pour semis' title='Cellules pour semis' class=\"selected\"><img fetchpriority=\"high\" decoding=\"async\" width=\"280\" height=\"210\" src=\"https:\/\/thermopak.com\/wp-content\/uploads\/2017\/03\/Greenhouse_Seedling_Tray-280x210.jpg\" class=\"attachment-anps-gallery-thumb size-anps-gallery-thumb\" alt=\"\" srcset=\"https:\/\/thermopak.com\/wp-content\/uploads\/2017\/03\/Greenhouse_Seedling_Tray-280x210.jpg 280w, https:\/\/thermopak.com\/wp-content\/uploads\/2017\/03\/Greenhouse_Seedling_Tray-350x263.jpg 350w\" sizes=\"(max-width: 280px) 100vw, 280px\" \/><\/a><a href='https:\/\/thermopak.com\/wp-content\/uploads\/2017\/03\/Seedling_Tray_Cells.jpg' data-caption='Cellules pour semis' title='Cellules pour semis'><img decoding=\"async\" width=\"280\" height=\"210\" src=\"https:\/\/thermopak.com\/wp-content\/uploads\/2017\/03\/Seedling_Tray_Cells-280x210.jpg\" class=\"attachment-anps-gallery-thumb size-anps-gallery-thumb\" alt=\"\" srcset=\"https:\/\/thermopak.com\/wp-content\/uploads\/2017\/03\/Seedling_Tray_Cells-280x210.jpg 280w, https:\/\/thermopak.com\/wp-content\/uploads\/2017\/03\/Seedling_Tray_Cells-350x263.jpg 350w\" sizes=\"(max-width: 280px) 100vw, 280px\" \/><\/a><a href='https:\/\/thermopak.com\/wp-content\/uploads\/2017\/03\/Gardening_Cells.jpg' data-caption='Cellules pour semis' title='Cellules pour semis'><img decoding=\"async\" width=\"280\" height=\"210\" src=\"https:\/\/thermopak.com\/wp-content\/uploads\/2017\/03\/Gardening_Cells-280x210.jpg\" class=\"attachment-anps-gallery-thumb size-anps-gallery-thumb\" alt=\"\" srcset=\"https:\/\/thermopak.com\/wp-content\/uploads\/2017\/03\/Gardening_Cells-280x210.jpg 280w, https:\/\/thermopak.com\/wp-content\/uploads\/2017\/03\/Gardening_Cells-350x263.jpg 350w\" sizes=\"(max-width: 280px) 100vw, 280px\" \/><\/a><\/div><\/div>[\/vc_column][\/vc_row][vc_row][vc_column width=\u00a0\u00bb7\/12&Prime;][vc_custom_heading text=\u00a0\u00bbHORTICULTURE\u00a0\u00bb use_theme_fonts=\u00a0\u00bbyes\u00a0\u00bb el_class=\u00a0\u00bbtitle\u00a0\u00bb][vc_column_text]Nos produits horticoles sont con\u00e7us afin de vous rendre la vie facile. Une utilisation simple, rapide et \u00e0 la port\u00e9e de tous,\u00a0gr\u00e2ce aux plastiques que nous utilisons. Les produits horticoles Thermopak ont su faire leurs preuves et assurent des r\u00e9sultats fabuleux.[\/vc_column_text][vc_btn title=\u00a0\u00bbD\u00e9couvrez nos produits\u00a0\u00bb style=\u00a0\u00bbclassic\u00a0\u00bb color=\u00a0\u00bbprimary\u00a0\u00bb link=\u00a0\u00bburl:http%3A%2F%2Fwww.thermopak.com%2Ffr%2Fcategorie-produit%2Fhorticulture-fr%2F|||\u00a0\u00bb][\/vc_column][vc_column width=\u00a0\u00bb5\/12&Prime;][vc_custom_heading text=\u00a0\u00bbUTILISATIONS\u00a0\u00bb use_theme_fonts=\u00a0\u00bbyes\u00a0\u00bb el_class=\u00a0\u00bbtitle\u00a0\u00bb][vc_column_text]<\/p>\n<ul>\n<li>\n<h5>Plateaux de base<\/h5>\n<\/li>\n<li>\n<h5>Domes \u00e0 germination<\/h5>\n<\/li>\n<li>\n<h5>Cellules pour semis<\/h5>\n<\/li>\n<li>\n<h5>Emballages de pastilles<\/h5>\n<\/li>\n<\/ul>\n<p>[\/vc_column_text][\/vc_column][\/vc_row]<\/p>\n","protected":false},"excerpt":{"rendered":"<p>[vc_row css=\u00a0\u00bb.vc_custom_1453476669810{margin-bottom: 15px !important;}\u00a0\u00bb][vc_column][\/vc_column][\/vc_row][vc_row][vc_column width=\u00a0\u00bb7\/12&Prime;][vc_custom_heading text=\u00a0\u00bbHORTICULTURE\u00a0\u00bb use_theme_fonts=\u00a0\u00bbyes\u00a0\u00bb el_class=\u00a0\u00bbtitle\u00a0\u00bb][vc_column_text]Nos produits horticoles sont con\u00e7us afin de vous rendre la vie facile. Une utilisation simple, rapide et \u00e0 la port\u00e9e de tous,\u00a0gr\u00e2ce aux plastiques que nous utilisons. Les produits horticoles Thermopak ont su &hellip;<\/p>\n","protected":false},"author":2,"featured_media":2772,"parent":0,"menu_order":0,"comment_status":"closed","ping_status":"closed","template":"","meta":{"footnotes":""},"class_list":["post-2329","page","type-page","status-publish","has-post-thumbnail","hentry"],"_links":{"self":[{"href":"https:\/\/thermopak.com\/fr\/wp-json\/wp\/v2\/pages\/2329","targetHints":{"allow":["GET"]}}],"collection":[{"href":"https:\/\/thermopak.com\/fr\/wp-json\/wp\/v2\/pages"}],"about":[{"href":"https:\/\/thermopak.com\/fr\/wp-json\/wp\/v2\/types\/page"}],"author":[{"embeddable":true,"href":"https:\/\/thermopak.com\/fr\/wp-json\/wp\/v2\/users\/2"}],"replies":[{"embeddable":true,"href":"https:\/\/thermopak.com\/fr\/wp-json\/wp\/v2\/comments?post=2329"}],"version-history":[{"count":20,"href":"https:\/\/thermopak.com\/fr\/wp-json\/wp\/v2\/pages\/2329\/revisions"}],"predecessor-version":[{"id":3640,"href":"https:\/\/thermopak.com\/fr\/wp-json\/wp\/v2\/pages\/2329\/revisions\/3640"}],"wp:featuredmedia":[{"embeddable":true,"href":"https:\/\/thermopak.com\/fr\/wp-json\/wp\/v2\/media\/2772"}],"wp:attachment":[{"href":"https:\/\/thermopak.com\/fr\/wp-json\/wp\/v2\/media?parent=2329"}],"curies":[{"name":"wp","href":"https:\/\/api.w.org\/{rel}","templated":true}]}}