{"id":2306,"date":"2016-01-06T13:11:34","date_gmt":"2016-01-06T13:11:34","guid":{"rendered":"http:\/\/www.thermopak.mrgraphic.ca\/home\/"},"modified":"2021-10-14T16:45:43","modified_gmt":"2021-10-14T16:45:43","slug":"home","status":"publish","type":"page","link":"https:\/\/thermopak.com\/fr\/","title":{"rendered":"Accueil"},"content":{"rendered":"<p>[vc_row full_width=\u00a0\u00bbstretch_row_content_no_spaces\u00a0\u00bb css=\u00a0\u00bb.vc_custom_1453200552863{margin-top: -60px !important;margin-bottom: 0px !important;padding-bottom: 0px !important;}\u00a0\u00bb][vc_column]\n\t\t\t<!-- START HomePageSlider REVOLUTION SLIDER 6.7.40 --><p class=\"rs-p-wp-fix\"><\/p>\n\t\t\t<rs-module-wrap id=\"rev_slider_2_1_wrapper\" data-source=\"gallery\" style=\"visibility:hidden;background:transparent;padding:0;margin:0px auto;margin-top:0;margin-bottom:0;\">\n\t\t\t\t<rs-module id=\"rev_slider_2_1\" style=\"\" data-version=\"6.7.40\">\n\t\t\t\t\t<rs-slides style=\"overflow: hidden; position: absolute;\">\n\t\t\t\t\t\t<rs-slide style=\"position: absolute;\" data-key=\"rs-12\" data-title=\"Slide\" data-anim=\"ms:1000;r:0;\" data-in=\"o:0;\" data-out=\"a:false;\">\n\t\t\t\t\t\t\t<img decoding=\"async\" src=\"\/\/thermopak.com\/wp-content\/plugins\/revslider\/sr6\/assets\/assets\/dummy.png\" alt=\"Slide\" title=\"Accueil\" class=\"rev-slidebg tp-rs-img rs-lazyload\" data-lazyload=\"\/\/thermopak.com\/wp-content\/plugins\/revslider\/sr6\/assets\/assets\/transparent.png\" data-no-retina>\n<!--\n\t\t\t\t\t\t\t--><rs-layer\n\t\t\t\t\t\t\t\tid=\"slider-2-slide-12-layer-0\" \n\t\t\t\t\t\t\t\tdata-type=\"image\"\n\t\t\t\t\t\t\t\tdata-rsp_ch=\"on\"\n\t\t\t\t\t\t\t\tdata-xy=\"xo:-243px,-243px,-235px,-395px;yo:0,0,0,-2px;\"\n\t\t\t\t\t\t\t\tdata-text=\"w:normal;s:20,20,13,6;l:0,0,16,7;\"\n\t\t\t\t\t\t\t\tdata-dim=\"w:2000px,2000px,1276px,1291px;h:550px,550px,351px,355px;\"\n\t\t\t\t\t\t\t\tdata-frame_999=\"o:0;st:w;\"\n\t\t\t\t\t\t\t\tstyle=\"z-index:5;\"\n\t\t\t\t\t\t\t><img fetchpriority=\"high\" decoding=\"async\" src=\"\/\/thermopak.com\/wp-content\/plugins\/revslider\/sr6\/assets\/assets\/dummy.png\" alt=\"\" class=\"tp-rs-img rs-lazyload\" width=\"2000\" height=\"550\" data-lazyload=\"\/\/thermopak.com\/wp-content\/uploads\/2020\/05\/Paint_Trays.jpg\" data-no-retina> \n\t\t\t\t\t\t\t<\/rs-layer><!--\n-->\t\t\t\t\t<\/rs-slide>\n\t\t\t\t\t\t<rs-slide style=\"position: absolute;\" data-key=\"rs-13\" data-title=\"Slide\" data-anim=\"ms:1000;r:0;\" data-in=\"o:0;\" data-out=\"a:false;\">\n\t\t\t\t\t\t\t<img decoding=\"async\" src=\"\/\/thermopak.com\/wp-content\/plugins\/revslider\/sr6\/assets\/assets\/dummy.png\" alt=\"Slide\" title=\"Accueil\" class=\"rev-slidebg tp-rs-img rs-lazyload\" data-lazyload=\"\/\/thermopak.com\/wp-content\/plugins\/revslider\/sr6\/assets\/assets\/transparent.png\" data-no-retina>\n<!--\n\t\t\t\t\t\t\t--><rs-layer\n\t\t\t\t\t\t\t\tid=\"slider-2-slide-13-layer-1\" \n\t\t\t\t\t\t\t\tdata-type=\"image\"\n\t\t\t\t\t\t\t\tdata-rsp_ch=\"on\"\n\t\t\t\t\t\t\t\tdata-xy=\"xo:-247px,-247px,-242px,-389px;yo:0,0,-2px,-3px;\"\n\t\t\t\t\t\t\t\tdata-text=\"w:normal;s:20,20,10,6;l:0,0,12,7;\"\n\t\t\t\t\t\t\t\tdata-dim=\"w:2000px,2000px,1280px,1287px;h:550px,550px,352px,354px;\"\n\t\t\t\t\t\t\t\tdata-frame_999=\"o:0;st:w;\"\n\t\t\t\t\t\t\t\tstyle=\"z-index:5;\"\n\t\t\t\t\t\t\t><img decoding=\"async\" src=\"\/\/thermopak.com\/wp-content\/plugins\/revslider\/sr6\/assets\/assets\/dummy.png\" alt=\"\" class=\"tp-rs-img rs-lazyload\" width=\"2000\" height=\"550\" data-lazyload=\"\/\/thermopak.com\/wp-content\/uploads\/2020\/05\/Fresh_Aluminium_Mold.jpg\" data-no-retina> \n\t\t\t\t\t\t\t<\/rs-layer><!--\n-->\t\t\t\t\t<\/rs-slide>\n\t\t\t\t\t\t<rs-slide style=\"position: absolute;\" data-key=\"rs-14\" data-title=\"Slide\" data-anim=\"ms:1000;r:0;\" data-in=\"o:0;\" data-out=\"a:false;\">\n\t\t\t\t\t\t\t<img decoding=\"async\" src=\"\/\/thermopak.com\/wp-content\/plugins\/revslider\/sr6\/assets\/assets\/dummy.png\" alt=\"Slide\" title=\"Accueil\" class=\"rev-slidebg tp-rs-img rs-lazyload\" data-lazyload=\"\/\/thermopak.com\/wp-content\/plugins\/revslider\/sr6\/assets\/assets\/transparent.png\" data-no-retina>\n<!--\n\t\t\t\t\t\t\t--><rs-layer\n\t\t\t\t\t\t\t\tid=\"slider-2-slide-14-layer-2\" \n\t\t\t\t\t\t\t\tdata-type=\"image\"\n\t\t\t\t\t\t\t\tdata-rsp_ch=\"on\"\n\t\t\t\t\t\t\t\tdata-xy=\"xo:-246px,-246px,-240px,-403px;yo:-1px,-1px,0,-1px;\"\n\t\t\t\t\t\t\t\tdata-text=\"w:normal;s:20,20,10,6;l:0,0,12,7;\"\n\t\t\t\t\t\t\t\tdata-dim=\"w:2000px,2000px,1276px,1280px;h:550px,550px,351px,352px;\"\n\t\t\t\t\t\t\t\tdata-frame_999=\"o:0;st:w;\"\n\t\t\t\t\t\t\t\tstyle=\"z-index:5;\"\n\t\t\t\t\t\t\t><img decoding=\"async\" src=\"\/\/thermopak.com\/wp-content\/plugins\/revslider\/sr6\/assets\/assets\/dummy.png\" alt=\"\" class=\"tp-rs-img rs-lazyload\" width=\"2000\" height=\"550\" data-lazyload=\"\/\/thermopak.com\/wp-content\/uploads\/2020\/05\/Machining_Aluminium.jpg\" data-no-retina> \n\t\t\t\t\t\t\t<\/rs-layer><!--\n-->\t\t\t\t\t<\/rs-slide>\n\t\t\t\t\t\t<rs-slide style=\"position: absolute;\" data-key=\"rs-15\" data-title=\"Slide\" data-anim=\"ms:1000;r:0;\" data-in=\"o:0;\" data-out=\"a:false;\">\n\t\t\t\t\t\t\t<img decoding=\"async\" src=\"\/\/thermopak.com\/wp-content\/plugins\/revslider\/sr6\/assets\/assets\/dummy.png\" alt=\"Slide\" title=\"Accueil\" class=\"rev-slidebg tp-rs-img rs-lazyload\" data-lazyload=\"\/\/thermopak.com\/wp-content\/plugins\/revslider\/sr6\/assets\/assets\/transparent.png\" data-no-retina>\n<!--\n\t\t\t\t\t\t\t--><rs-layer\n\t\t\t\t\t\t\t\tid=\"slider-2-slide-15-layer-3\" \n\t\t\t\t\t\t\t\tdata-type=\"image\"\n\t\t\t\t\t\t\t\tdata-rsp_ch=\"on\"\n\t\t\t\t\t\t\t\tdata-xy=\"xo:-243px,-243px,-241px,-414px;yo:0,0,-1px,-4px;\"\n\t\t\t\t\t\t\t\tdata-text=\"w:normal;s:20,20,7,4;l:0,0,9,6;\"\n\t\t\t\t\t\t\t\tdata-dim=\"w:2000px,2000px,1280px,1287px;h:550px,550px,352px,354px;\"\n\t\t\t\t\t\t\t\tdata-frame_999=\"o:0;st:w;\"\n\t\t\t\t\t\t\t\tstyle=\"z-index:5;\"\n\t\t\t\t\t\t\t><img loading=\"lazy\" decoding=\"async\" src=\"\/\/thermopak.com\/wp-content\/plugins\/revslider\/sr6\/assets\/assets\/dummy.png\" alt=\"\" class=\"tp-rs-img rs-lazyload\" width=\"2000\" height=\"550\" data-lazyload=\"\/\/thermopak.com\/wp-content\/uploads\/2020\/05\/Clear_Plastic_Roll.jpg\" data-no-retina> \n\t\t\t\t\t\t\t<\/rs-layer><!--\n-->\t\t\t\t\t<\/rs-slide>\n\t\t\t\t\t\t<rs-slide style=\"position: absolute;\" data-key=\"rs-16\" data-title=\"Slide\" data-anim=\"ms:1000;r:0;\" data-in=\"o:0;\" data-out=\"a:false;\">\n\t\t\t\t\t\t\t<img decoding=\"async\" src=\"\/\/thermopak.com\/wp-content\/plugins\/revslider\/sr6\/assets\/assets\/dummy.png\" alt=\"Slide\" title=\"Accueil\" class=\"rev-slidebg tp-rs-img rs-lazyload\" data-lazyload=\"\/\/thermopak.com\/wp-content\/plugins\/revslider\/sr6\/assets\/assets\/transparent.png\" data-no-retina>\n<!--\n\t\t\t\t\t\t\t--><rs-layer\n\t\t\t\t\t\t\t\tid=\"slider-2-slide-16-layer-4\" \n\t\t\t\t\t\t\t\tdata-type=\"image\"\n\t\t\t\t\t\t\t\tdata-rsp_ch=\"on\"\n\t\t\t\t\t\t\t\tdata-xy=\"xo:-250px,-250px,-243px,-393px;yo:-1px;\"\n\t\t\t\t\t\t\t\tdata-text=\"w:normal;s:20,20,7,4;l:0,0,9,6;\"\n\t\t\t\t\t\t\t\tdata-dim=\"w:2000px,2000px,1284px,1284px;h:550px,550px,353px,353px;\"\n\t\t\t\t\t\t\t\tdata-frame_999=\"o:0;st:w;\"\n\t\t\t\t\t\t\t\tstyle=\"z-index:5;\"\n\t\t\t\t\t\t\t><img loading=\"lazy\" decoding=\"async\" src=\"\/\/thermopak.com\/wp-content\/plugins\/revslider\/sr6\/assets\/assets\/dummy.png\" alt=\"\" class=\"tp-rs-img rs-lazyload\" width=\"2000\" height=\"550\" data-lazyload=\"\/\/thermopak.com\/wp-content\/uploads\/2020\/05\/Aluminium_Mold_Close-up.jpg\" data-no-retina> \n\t\t\t\t\t\t\t<\/rs-layer><!--\n-->\t\t\t\t\t<\/rs-slide>\n\t\t\t\t\t\t<rs-slide style=\"position: absolute;\" data-key=\"rs-17\" data-title=\"Slide\" data-anim=\"ms:1000;r:0;\" data-in=\"o:0;\" data-out=\"a:false;\">\n\t\t\t\t\t\t\t<img decoding=\"async\" src=\"\/\/thermopak.com\/wp-content\/plugins\/revslider\/sr6\/assets\/assets\/dummy.png\" alt=\"Slide\" title=\"Accueil\" class=\"rev-slidebg tp-rs-img rs-lazyload\" data-lazyload=\"\/\/thermopak.com\/wp-content\/plugins\/revslider\/sr6\/assets\/assets\/transparent.png\" data-no-retina>\n<!--\n\t\t\t\t\t\t\t--><rs-layer\n\t\t\t\t\t\t\t\tid=\"slider-2-slide-17-layer-5\" \n\t\t\t\t\t\t\t\tdata-type=\"image\"\n\t\t\t\t\t\t\t\tdata-rsp_ch=\"on\"\n\t\t\t\t\t\t\t\tdata-xy=\"xo:-246px,-246px,-247px,-405px;yo:1px,1px,-1px,0;\"\n\t\t\t\t\t\t\t\tdata-text=\"w:normal;s:20,20,7,4;l:0,0,9,6;\"\n\t\t\t\t\t\t\t\tdata-dim=\"w:2000px,2000px,1291px,1276px;h:550px,550px,355px,351px;\"\n\t\t\t\t\t\t\t\tdata-frame_999=\"o:0;st:w;\"\n\t\t\t\t\t\t\t\tstyle=\"z-index:5;\"\n\t\t\t\t\t\t\t><img loading=\"lazy\" decoding=\"async\" src=\"\/\/thermopak.com\/wp-content\/plugins\/revslider\/sr6\/assets\/assets\/dummy.png\" alt=\"\" class=\"tp-rs-img rs-lazyload\" width=\"2000\" height=\"550\" data-lazyload=\"\/\/thermopak.com\/wp-content\/uploads\/2020\/05\/Green_Plastic_Chips.jpg\" data-no-retina> \n\t\t\t\t\t\t\t<\/rs-layer><!--\n-->\t\t\t\t\t<\/rs-slide>\n\t\t\t\t\t<\/rs-slides>\n\t\t\t\t<\/rs-module>\n\t\t\t\t<script>\n\t\t\t\t\tsetREVStartSize({c: 'rev_slider_2_1',rl:[1240,1024,778,480],el:[500,500,350,350],gw:[1500,1500,1000,480],gh:[500,500,350,350],type:'standard',justify:'',layout:'fullwidth',mh:\"0\"});if (window.RS_MODULES!==undefined && window.RS_MODULES.modules!==undefined && window.RS_MODULES.modules[\"revslider21\"]!==undefined) {window.RS_MODULES.modules[\"revslider21\"].once = false;window.revapi2 = undefined;if (window.RS_MODULES.checkMinimal!==undefined) window.RS_MODULES.checkMinimal()}\n\t\t\t\t<\/script>\n\t\t\t<\/rs-module-wrap>\n\t\t\t<!-- END REVOLUTION SLIDER -->\n[\/vc_column][\/vc_row][vc_row full_width=\u00a0\u00bbstretch_row\u00a0\u00bb css=\u00a0\u00bb.vc_custom_1456322357251{margin-top: 0px !important;margin-bottom: 0px !important;padding-top: 40px !important;padding-bottom: 70px !important;background-color: #f8f9f9 !important;}\u00a0\u00bb][vc_column width=\u00a0\u00bb1\/3&Prime;]<div class='featured featured-has-link featured-has-icon featured-has-content'><div class='featured-header'><a target='_self' href='\/fr\/patisserie\/'><img alt='P\u00e2tisserie' src='https:\/\/thermopak.com\/wp-content\/uploads\/2017\/03\/Pastries_Clamshell-1-722x368.jpg'\/><\/a><\/div><div class='featured-content'><h3 class='featured-title text-uppercase'><a target='_self' href='\/fr\/patisserie\/'><i class='fas fa-utensils'><\/i>P\u00e2tisserie<\/a><\/h3><p class='featured-desc'>Nos contenants \u00e0 p\u00e2tisserie sont con\u00e7us afin de conserver la fra\u00eecheur. Simples et rapides \u00e0 utiliser, nos contenants TAR sont id\u00e9als pour les p\u00e2tisseries de tous les jours. Vos g\u00e2teaux et biscuits seront prot\u00e9g\u00e9s de fa\u00e7on efficace dans des contenants l\u00e9gers et solides. Vous trouverez un mod\u00e8le adapt\u00e9 \u00e0 chacun de vos besoins.<\/p><a class='btn btn-md btn-minimal' target='_self' href='\/fr\/patisserie\/'>LIRE LA SUITE<\/a><\/div><\/div>[vc_empty_space height=\u00a0\u00bb40px\u00a0\u00bb]<div class='featured featured-has-link featured-has-icon featured-has-content'><div class='featured-header'><a target='_self' href='\/fr\/horticulture\/'><img alt='Horticulture' src='https:\/\/thermopak.com\/wp-content\/uploads\/2017\/03\/Seedling_Tray_Cells-722x368.jpg'\/><\/a><\/div><div class='featured-content'><h3 class='featured-title text-uppercase'><a target='_self' href='\/fr\/horticulture\/'><i class='fa fa-tree'><\/i>Horticulture<\/a><\/h3><p class='featured-desc'>Nos produits horticoles sont con\u00e7us afin de vous rendre la vie facile. Une utilisation simple, rapide et \u00e0 la port\u00e9e de tous,\u00a0gr\u00e2ce aux plastiques que nous utilisons. Les produits horticoles Thermopak ont su faire leurs preuves et assurent des r\u00e9sultats fabuleux.<\/p><a class='btn btn-md btn-minimal' target='_self' href='\/fr\/horticulture\/'>LIRE LA SUITE<\/a><\/div><\/div>[\/vc_column][vc_column width=\u00a0\u00bb1\/3&Prime;]<div class='featured featured-has-link featured-has-icon featured-has-content'><div class='featured-header'><a target='_self' href='\/fr\/viande\/'><img alt='Viande' src='https:\/\/thermopak.com\/wp-content\/uploads\/2017\/03\/Rectangle_Vacuum_Tray-1-722x368.jpg'\/><\/a><\/div><div class='featured-content'><h3 class='featured-title text-uppercase'><a target='_self' href='\/fr\/viande\/'><i class='fa fa-shopping-cart'><\/i>Viande<\/a><\/h3><p class='featured-desc'>Nos contenants \u00e0 viandes et \u00e0 poissons sont con\u00e7us afin d\u2019assurer une fra\u00eecheur et une conservation optimale. Facile \u00e0 remplir, \u00e0 sceller et \u00e0 entreposer, nos contenant TAV se d\u00e9clinent sous de nombreuses variantes, selon vos quantit\u00e9s et le types de produits. Vous trouverez un mod\u00e8le adapt\u00e9, que \u00e7a soit pour stocker de la viande hach\u00e9e, du fromage ou des fruits de mer.<\/p><a class='btn btn-md btn-minimal' target='_self' href='\/fr\/viande\/'>LIRE LA SUITE<\/a><\/div><\/div>[vc_empty_space height=\u00a0\u00bb40px\u00a0\u00bb]<div class='featured featured-has-link featured-has-icon featured-has-content'><div class='featured-header'><a target='_self' href='\/fr\/solutions-sur-mesure\/'><img alt='Solutions sur mesure' src='https:\/\/thermopak.com\/wp-content\/uploads\/2017\/03\/Custom_Chocolate_Insert-722x368.jpg'\/><\/a><\/div><div class='featured-content'><h3 class='featured-title text-uppercase'><a target='_self' href='\/fr\/solutions-sur-mesure\/'><i class='fas fa-thumbs-up'><\/i>Solutions sur mesure<\/a><\/h3><p class='featured-desc'>Nous donnons forme \u00e0 vos id\u00e9es. Notre entreprise vous propose un service adapt\u00e9 \u00e0 vos besoins afin de r\u00e9aliser un produit unique. Nous pouvons cr\u00e9er sur mesure un plateau \u00e0 peinture, \u00e0 chocolat ou \u00e0 fromage, selon vos besoins.<\/p><a class='btn btn-md btn-minimal' target='_self' href='\/fr\/solutions-sur-mesure\/'>LIRE LA SUITE<\/a><\/div><\/div>[\/vc_column][vc_column width=\u00a0\u00bb1\/3&Prime;]<div class='featured featured-has-link featured-has-icon featured-has-content'><div class='featured-header'><a target='_self' href='\/fr\/restauration\/'><img alt='Restauration' src='https:\/\/thermopak.com\/wp-content\/uploads\/2017\/03\/Meal_Tray-1-722x368.jpg'\/><\/a><\/div><div class='featured-content'><h3 class='featured-title text-uppercase'><a target='_self' href='\/fr\/restauration\/'><i class='fa fa-truck'><\/i>Restauration<\/a><\/h3><p class='featured-desc'>Nos contenants alimentaires sont con\u00e7us de fa\u00e7on simple, mais efficace. Vos sandwichs resteront au frais et seront prot\u00e9g\u00e9s. Notre plastique l\u00e9ger, mais solide, vous permet de transporter en toute tranquillit\u00e9 vos repas.<\/p><a class='btn btn-md btn-minimal' target='_self' href='\/fr\/restauration\/'>LIRE LA SUITE<\/a><\/div><\/div>[vc_empty_space height=\u00a0\u00bb40px\u00a0\u00bb][\/vc_column][\/vc_row][vc_row full_width=\u00a0\u00bbstretch_row\u00a0\u00bb css=\u00a0\u00bb.vc_custom_1588852191650{margin-top: -35px !important;margin-bottom: 0px !important;padding-top: 35px !important;padding-bottom: 10px !important;background-image: url(http:\/\/www.thermopak.mrgraphic.ca\/wp-content\/uploads\/2016\/01\/Machiniste-francais.png?id=2530) !important;}\u00a0\u00bb el_class=\u00a0\u00bbbackground-image-left\u00a0\u00bb][vc_column][vc_custom_heading text=\u00a0\u00bbService Personnalis\u00e9\u00a0\u00bb use_theme_fonts=\u00a0\u00bbyes\u00a0\u00bb el_class=\u00a0\u00bbtitle\u00a0\u00bb css=\u00a0\u00bb.vc_custom_1469198549035{margin-bottom: 60px !important;}\u00a0\u00bb][vc_row_inner css=\u00a0\u00bb.vc_custom_1453127283098{background-position: center !important;background-repeat: no-repeat !important;background-size: cover !important;}\u00a0\u00bb][vc_column_inner el_class=\u00a0\u00bbhidden-sm hidden-xs\u00a0\u00bb width=\u00a0\u00bb1\/3&Prime;][vc_single_image image=\u00a0\u00bb3750&Prime; img_size=\u00a0\u00bbfull\u00a0\u00bb][\/vc_column_inner][vc_column_inner el_class=\u00a0\u00bbno-margin-mobile no-padding-mobile\u00a0\u00bb width=\u00a0\u00bb1\/3&Prime;]<div class='icon icon-left'><div class='icon-header'><div class='icon-media' data-style='width: 30px;' style='font-size: 30px;'><i class='fa fas fa-project-diagram'><\/i><\/div><h3 class='icon-title text-uppercase'>DYNAMISME<\/h3><\/div><p>Nous sommes une entreprise \u00e0 la port\u00e9e de tous. Thermopak est fier d\u2019offrir un service personnalis\u00e9 de qualit\u00e9. \u00c0 l\u2019\u00e9coute de nos clients, nous faisons de notre mieux pour vous servir et r\u00e9pondre \u00e0 vos attentes.<\/p><\/div><div class='icon icon-left'><div class='icon-header'><div class='icon-media' data-style='width: 30px;' style='font-size: 30px;'><i class='fa fas fa-cube'><\/i><\/div><h3 class='icon-title text-uppercase'>QUALIT\u00c9<\/h3><\/div><p>Nos produits, d\u00e9clin\u00e9s sous de nombreuses mati\u00e8res, formes et couleurs, sont solides, faciles d\u2019utilisation et adapt\u00e9s aux besoins de chacun.<\/p><\/div>[vc_column_text]<i class=\"fas fa-\" title=\"DYNAMISME\"><\/i><i class=\"fas fa-\" title=\"QUALIT\u00c9\"><\/i>[\/vc_column_text][\/vc_column_inner][vc_column_inner el_class=\u00a0\u00bbno-margin-mobile\u00a0\u00bb width=\u00a0\u00bb1\/3&Prime;]<div class='icon icon-left'><div class='icon-header'><div class='icon-media' data-style='width: 30px;' style='font-size: 30px;'><i class='fa fas fa-briefcase'><\/i><\/div><h3 class='icon-title text-uppercase'>EXP\u00c9RIENCE<\/h3><\/div><p>En 30 ans d\u2019activit\u00e9, Thermopak a su acqu\u00e9rir une exp\u00e9rience incontestable. Leader au Nouveau-Brunswick, notre expertise dans le milieu est d\u00e9sormais reconnue et appr\u00e9ci\u00e9e, au Nouveau-Brunswick comme \u00e0 l\u2019international.<\/p><\/div><div class='icon icon-left'><div class='icon-header'><div class='icon-media' data-style='width: 30px;' style='font-size: 30px;'><i class='fa fas fa-angle-double-right'><\/i><\/div><h3 class='icon-title text-uppercase'>INNOVATION<\/h3><\/div><p>Notre \u00e9quipe \u00e9volue dans un environnement de travail stimulant et dynamique. Nous sommes toujours \u00e0 la recherche de nouveaut\u00e9 et nous regardons vers l\u2019avenir.<\/p><\/div>[\/vc_column_inner][\/vc_row_inner][\/vc_column][\/vc_row][vc_row css=\u00a0\u00bb.vc_custom_1588852166026{margin-bottom: 40px !important;padding-top: 10px !important;}\u00a0\u00bb][vc_column]<div class='recent-news row'><div class=\"col-md-12\"><h2 class='title'>Nouvelles R\u00e9centes<\/h2><\/div><div class='col-md-4'><article class='post'><header><img loading=\"lazy\" decoding=\"async\" width=\"359\" height=\"283\" src=\"https:\/\/thermopak.com\/wp-content\/uploads\/2017\/03\/Cover-359x283.jpg\" class=\"attachment-anps-portfolio size-anps-portfolio wp-post-image\" alt=\"\" \/><\/header><a href='https:\/\/thermopak.com\/fr\/archives-une-entreprise-au-fil-des-ans\/'><h3 class='post-title'>Une entreprise au fil des ans<\/h3><\/a><ul class=\"post-meta\"><li><i class='fa fa-calendar'><\/i><time datetime='2017-03-24 05:37'>mars 24, 2017<\/time><\/li><li><i class='fa fa-commenting-o'><\/i>0 comments<\/li><\/ul><div class=\"post-content\"><div><p>Quelques images du journal qui avait \u00e9t\u00e9 pr\u00e9par\u00e9 pour c\u00e9l\u00e9brer notre dixi\u00e8me anniversaire. &nbsp;<\/p>\n<\/div><a href='https:\/\/thermopak.com\/fr\/archives-une-entreprise-au-fil-des-ans\/' class='btn btn-md btn-gradient btn-shadow'>Read More<\/a><\/div><\/article><\/div><div class='col-md-4'><article class='post'><header><img loading=\"lazy\" decoding=\"async\" width=\"359\" height=\"283\" src=\"https:\/\/thermopak.com\/wp-content\/uploads\/2017\/03\/Affiche-babillard-30ans-359x283.jpg\" class=\"attachment-anps-portfolio size-anps-portfolio wp-post-image\" alt=\"\" \/><\/header><a href='https:\/\/thermopak.com\/fr\/celebrations-de-30-ans\/'><h3 class='post-title'>C\u00e9l\u00e9brations de 30 ans<\/h3><\/a><ul class=\"post-meta\"><li><i class='fa fa-calendar'><\/i><time datetime='2017-03-07 08:12'>mars 7, 2017<\/time><\/li><li><i class='fa fa-commenting-o'><\/i>0 comments<\/li><\/ul><div class=\"post-content\"><div><\/div><a href='https:\/\/thermopak.com\/fr\/celebrations-de-30-ans\/' class='btn btn-md btn-gradient btn-shadow'>Read More<\/a><\/div><\/article><\/div><\/div>[\/vc_column][\/vc_row][vc_row][vc_column][vc_custom_heading text=\u00a0\u00bbFi\u00e8re Membre de:\u00a0\u00bb use_theme_fonts=\u00a0\u00bbyes\u00a0\u00bb el_class=\u00a0\u00bbtitle\u00a0\u00bb]<div class='logos-wrapper style-2'><ul class='clients style-2' ><li class='client'><span><img src='https:\/\/thermopak.com\/wp-content\/uploads\/2020\/05\/FCEI.png' alt=''><\/span><\/li><li class='client'><span><img src='https:\/\/thermopak.com\/wp-content\/uploads\/2016\/01\/CENB.png' alt=''><\/span><\/li><li class='client'><span><img src='https:\/\/thermopak.com\/wp-content\/uploads\/2016\/01\/ChambreCommerceShippagan.png' alt=''><\/span><\/li><li class='client'><span><img src='https:\/\/thermopak.com\/wp-content\/uploads\/2016\/01\/Grappe_Composites.png' alt=''><\/span><\/li><li class='client'><span><img src='https:\/\/thermopak.com\/wp-content\/uploads\/2016\/01\/SPE_International.png' alt=''><\/span><\/li><\/ul><\/div>[\/vc_column][\/vc_row]<\/p>\n","protected":false},"excerpt":{"rendered":"<p>[vc_row full_width=\u00a0\u00bbstretch_row_content_no_spaces\u00a0\u00bb css=\u00a0\u00bb.vc_custom_1453200552863{margin-top: -60px !important;margin-bottom: 0px !important;padding-bottom: 0px !important;}\u00a0\u00bb][vc_column][\/vc_column][\/vc_row][vc_row full_width=\u00a0\u00bbstretch_row\u00a0\u00bb css=\u00a0\u00bb.vc_custom_1456322357251{margin-top: 0px !important;margin-bottom: 0px !important;padding-top: 40px !important;padding-bottom: 70px !important;background-color: #f8f9f9 !important;}\u00a0\u00bb][vc_column width=\u00a0\u00bb1\/3&Prime;][vc_empty_space height=\u00a0\u00bb40px\u00a0\u00bb][\/vc_column][vc_column width=\u00a0\u00bb1\/3&Prime;][vc_empty_space height=\u00a0\u00bb40px\u00a0\u00bb][\/vc_column][vc_column width=\u00a0\u00bb1\/3&Prime;][vc_empty_space height=\u00a0\u00bb40px\u00a0\u00bb][\/vc_column][\/vc_row][vc_row full_width=\u00a0\u00bbstretch_row\u00a0\u00bb css=\u00a0\u00bb.vc_custom_1588852191650{margin-top: -35px !important;margin-bottom: 0px !important;padding-top: 35px !important;padding-bottom: 10px !important;background-image: url(http:\/\/www.thermopak.mrgraphic.ca\/wp-content\/uploads\/2016\/01\/Machiniste-francais.png?id=2530) !important;}\u00a0\u00bb el_class=\u00a0\u00bbbackground-image-left\u00a0\u00bb][vc_column][vc_custom_heading &hellip;<\/p>\n","protected":false},"author":2,"featured_media":0,"parent":0,"menu_order":0,"comment_status":"closed","ping_status":"closed","template":"","meta":{"footnotes":""},"class_list":["post-2306","page","type-page","status-publish","hentry"],"_links":{"self":[{"href":"https:\/\/thermopak.com\/fr\/wp-json\/wp\/v2\/pages\/2306","targetHints":{"allow":["GET"]}}],"collection":[{"href":"https:\/\/thermopak.com\/fr\/wp-json\/wp\/v2\/pages"}],"about":[{"href":"https:\/\/thermopak.com\/fr\/wp-json\/wp\/v2\/types\/page"}],"author":[{"embeddable":true,"href":"https:\/\/thermopak.com\/fr\/wp-json\/wp\/v2\/users\/2"}],"replies":[{"embeddable":true,"href":"https:\/\/thermopak.com\/fr\/wp-json\/wp\/v2\/comments?post=2306"}],"version-history":[{"count":42,"href":"https:\/\/thermopak.com\/fr\/wp-json\/wp\/v2\/pages\/2306\/revisions"}],"predecessor-version":[{"id":4073,"href":"https:\/\/thermopak.com\/fr\/wp-json\/wp\/v2\/pages\/2306\/revisions\/4073"}],"wp:attachment":[{"href":"https:\/\/thermopak.com\/fr\/wp-json\/wp\/v2\/media?parent=2306"}],"curies":[{"name":"wp","href":"https:\/\/api.w.org\/{rel}","templated":true}]}}